{"id":3205,"date":"2024-06-07T08:57:01","date_gmt":"2024-06-07T08:57:01","guid":{"rendered":"https:\/\/icelandoffers.is\/?post_type=product&#038;p=3205"},"modified":"2024-10-02T15:49:09","modified_gmt":"2024-10-02T15:49:09","slug":"skodunarferd-ad-myvatni-og-godafossi","status":"publish","type":"product","link":"https:\/\/icelandoffers.is\/?product=skodunarferd-ad-myvatni-og-godafossi","title":{"rendered":"Sko\u00f0unarfer\u00f0 a\u00f0 M\u00fdvatni og Go\u00f0afossi"},"content":{"rendered":"<p>Er b\u00fai\u00f0 er a\u00f0 ganga fr\u00e1 \u00f6llum uppl\u00fdsingum um vi\u00f0komandi a\u00f0ila, \u00fe\u00e1 kemur grei\u00f0a fer\u00f0, \u00fear er\u00a0<strong>Promo Code ,<\/strong>\u00a0\u00fear er sleginn inn afsl\u00e1ttark\u00f3\u00f0in sem er a\u00f0 ne\u00f0an,<\/p>\n<h4>\u00fe\u00e1 birtist afsl\u00e1tturinn<\/h4>\n<h4>Afsl\u00e1ttark\u00f3\u00f0i :<\/h4>\n<p>Muna svo a\u00f0 hafa korti\u00f0 vi\u00f0 hendina s\u00e9 \u00feess \u00f3ska\u00f0 vi\u00f0 komu \u00e1 sta\u00f0in.<\/p>\n<p>Nj\u00f3ti\u00f0 vel \u00feessarar st\u00f3rskemmtilegu fer\u00f0ar<\/p>\n","protected":false},"excerpt":{"rendered":"<p>sko\u00f0unarfer\u00f0 fr\u00e1 Akureyri a\u00f0\u00a0 Go\u00f0afossi og M\u00fdvatni<\/p>\n","protected":false},"featured_media":3211,"template":"","meta":[],"product_brand":[],"product_cat":[96],"product_tag":[],"class_list":{"0":"post-3205","1":"product","2":"type-product","3":"status-publish","4":"has-post-thumbnail","6":"product_cat-tours-and-activities","8":"first","9":"instock","10":"sale","11":"taxable","12":"shipping-taxable","13":"product-type-external"},"yoast_head":"<!-- This site is optimized with the Yoast SEO Premium plugin v20.4 (Yoast SEO v27.1.1) - https:\/\/yoast.com\/product\/yoast-seo-premium-wordpress\/ -->\n<title>Sko\u00f0unarfer\u00f0 a\u00f0 M\u00fdvatni og Go\u00f0afossi - icelandoffers<\/title>\n<meta name=\"description\" content=\"Komdu me\u00f0 \u00ed 5.30 klukkustundar country hestafer\u00f0 fr\u00e1 \u00deorl\u00e1ksh\u00f6fn me\u00f0 pickup fr\u00e1 Reykjav\u00edk\" \/>\n<meta name=\"robots\" content=\"index, follow, max-snippet:-1, max-image-preview:large, max-video-preview:-1\" \/>\n<link rel=\"canonical\" href=\"https:\/\/icelandoffers.is\/?product=skodunarferd-ad-myvatni-og-godafossi\" \/>\n<meta property=\"og:locale\" content=\"en_US\" \/>\n<meta property=\"og:type\" content=\"article\" \/>\n<meta property=\"og:title\" content=\"Sko\u00f0unarfer\u00f0 a\u00f0 M\u00fdvatni og Go\u00f0afossi\" \/>\n<meta property=\"og:description\" content=\"Komdu me\u00f0 \u00ed 5.30 klukkustundar country hestafer\u00f0 fr\u00e1 \u00deorl\u00e1ksh\u00f6fn me\u00f0 pickup fr\u00e1 Reykjav\u00edk\" \/>\n<meta property=\"og:url\" content=\"https:\/\/icelandoffers.is\/?product=skodunarferd-ad-myvatni-og-godafossi\" \/>\n<meta property=\"og:site_name\" content=\"icelandoffers\" \/>\n<meta property=\"article:publisher\" content=\"https:\/\/www.facebook.com\/tophorses.is\/\" \/>\n<meta property=\"article:modified_time\" content=\"2024-10-02T15:49:09+00:00\" \/>\n<meta property=\"og:image\" content=\"https:\/\/icelandoffers.is\/wp-content\/uploads\/2024\/06\/Myvatn-3-scaled.jpeg\" \/>\n\t<meta property=\"og:image:width\" content=\"2560\" \/>\n\t<meta property=\"og:image:height\" content=\"1707\" \/>\n\t<meta property=\"og:image:type\" content=\"image\/jpeg\" \/>\n<meta name=\"twitter:card\" content=\"summary_large_image\" \/>\n<meta name=\"twitter:label1\" content=\"Est. reading time\" \/>\n\t<meta name=\"twitter:data1\" content=\"1 minute\" \/>\n<script type=\"application\/ld+json\" class=\"yoast-schema-graph\">{\"@context\":\"https:\/\/schema.org\",\"@graph\":[{\"@type\":\"WebPage\",\"@id\":\"https:\/\/icelandoffers.is\/?product=skodunarferd-ad-myvatni-og-godafossi\",\"url\":\"https:\/\/icelandoffers.is\/?product=skodunarferd-ad-myvatni-og-godafossi\",\"name\":\"Sko\u00f0unarfer\u00f0 a\u00f0 M\u00fdvatni og Go\u00f0afossi - icelandoffers\",\"isPartOf\":{\"@id\":\"https:\/\/icelandoffers.is\/#website\"},\"primaryImageOfPage\":{\"@id\":\"https:\/\/icelandoffers.is\/?product=skodunarferd-ad-myvatni-og-godafossi#primaryimage\"},\"image\":{\"@id\":\"https:\/\/icelandoffers.is\/?product=skodunarferd-ad-myvatni-og-godafossi#primaryimage\"},\"thumbnailUrl\":\"https:\/\/icelandoffers.is\/wp-content\/uploads\/2024\/06\/Myvatn-3-scaled.jpeg\",\"datePublished\":\"2024-06-07T08:57:01+00:00\",\"dateModified\":\"2024-10-02T15:49:09+00:00\",\"description\":\"Komdu me\u00f0 \u00ed 5.30 klukkustundar country hestafer\u00f0 fr\u00e1 \u00deorl\u00e1ksh\u00f6fn me\u00f0 pickup fr\u00e1 Reykjav\u00edk\",\"breadcrumb\":{\"@id\":\"https:\/\/icelandoffers.is\/?product=skodunarferd-ad-myvatni-og-godafossi#breadcrumb\"},\"inLanguage\":\"en-US\",\"potentialAction\":[{\"@type\":\"ReadAction\",\"target\":[\"https:\/\/icelandoffers.is\/?product=skodunarferd-ad-myvatni-og-godafossi\"]}]},{\"@type\":\"ImageObject\",\"inLanguage\":\"en-US\",\"@id\":\"https:\/\/icelandoffers.is\/?product=skodunarferd-ad-myvatni-og-godafossi#primaryimage\",\"url\":\"https:\/\/icelandoffers.is\/wp-content\/uploads\/2024\/06\/Myvatn-3-scaled.jpeg\",\"contentUrl\":\"https:\/\/icelandoffers.is\/wp-content\/uploads\/2024\/06\/Myvatn-3-scaled.jpeg\",\"width\":2560,\"height\":1707},{\"@type\":\"BreadcrumbList\",\"@id\":\"https:\/\/icelandoffers.is\/?product=skodunarferd-ad-myvatni-og-godafossi#breadcrumb\",\"itemListElement\":[{\"@type\":\"ListItem\",\"position\":1,\"name\":\"Home\",\"item\":\"https:\/\/icelandoffers.is\/\"},{\"@type\":\"ListItem\",\"position\":2,\"name\":\"Products\",\"item\":\"https:\/\/icelandoffers.is\/shop-2\/\"},{\"@type\":\"ListItem\",\"position\":3,\"name\":\"Sko\u00f0unarfer\u00f0 a\u00f0 M\u00fdvatni og Go\u00f0afossi\"}]},{\"@type\":\"WebSite\",\"@id\":\"https:\/\/icelandoffers.is\/#website\",\"url\":\"https:\/\/icelandoffers.is\/\",\"name\":\"Tophorses\",\"description\":\"Always discount\",\"publisher\":{\"@id\":\"https:\/\/icelandoffers.is\/#organization\"},\"potentialAction\":[{\"@type\":\"SearchAction\",\"target\":{\"@type\":\"EntryPoint\",\"urlTemplate\":\"https:\/\/icelandoffers.is\/?s={search_term_string}\"},\"query-input\":{\"@type\":\"PropertyValueSpecification\",\"valueRequired\":true,\"valueName\":\"search_term_string\"}}],\"inLanguage\":\"en-US\"},{\"@type\":\"Organization\",\"@id\":\"https:\/\/icelandoffers.is\/#organization\",\"name\":\"Tophorses\",\"url\":\"https:\/\/icelandoffers.is\/\",\"logo\":{\"@type\":\"ImageObject\",\"inLanguage\":\"en-US\",\"@id\":\"https:\/\/icelandoffers.is\/#\/schema\/logo\/image\/\",\"url\":\"https:\/\/icelandoffers.is\/wp-content\/uploads\/2016\/11\/undir.png\",\"contentUrl\":\"https:\/\/icelandoffers.is\/wp-content\/uploads\/2016\/11\/undir.png\",\"width\":3337,\"height\":3024,\"caption\":\"Tophorses\"},\"image\":{\"@id\":\"https:\/\/icelandoffers.is\/#\/schema\/logo\/image\/\"},\"sameAs\":[\"https:\/\/www.facebook.com\/tophorses.is\/\"]}]}<\/script>\n<!-- \/ Yoast SEO Premium plugin. -->","yoast_head_json":{"title":"Sko\u00f0unarfer\u00f0 a\u00f0 M\u00fdvatni og Go\u00f0afossi - icelandoffers","description":"Komdu me\u00f0 \u00ed 5.30 klukkustundar country hestafer\u00f0 fr\u00e1 \u00deorl\u00e1ksh\u00f6fn me\u00f0 pickup fr\u00e1 Reykjav\u00edk","robots":{"index":"index","follow":"follow","max-snippet":"max-snippet:-1","max-image-preview":"max-image-preview:large","max-video-preview":"max-video-preview:-1"},"canonical":"https:\/\/icelandoffers.is\/?product=skodunarferd-ad-myvatni-og-godafossi","og_locale":"en_US","og_type":"article","og_title":"Sko\u00f0unarfer\u00f0 a\u00f0 M\u00fdvatni og Go\u00f0afossi","og_description":"Komdu me\u00f0 \u00ed 5.30 klukkustundar country hestafer\u00f0 fr\u00e1 \u00deorl\u00e1ksh\u00f6fn me\u00f0 pickup fr\u00e1 Reykjav\u00edk","og_url":"https:\/\/icelandoffers.is\/?product=skodunarferd-ad-myvatni-og-godafossi","og_site_name":"icelandoffers","article_publisher":"https:\/\/www.facebook.com\/tophorses.is\/","article_modified_time":"2024-10-02T15:49:09+00:00","og_image":[{"width":2560,"height":1707,"url":"https:\/\/icelandoffers.is\/wp-content\/uploads\/2024\/06\/Myvatn-3-scaled.jpeg","type":"image\/jpeg"}],"twitter_card":"summary_large_image","twitter_misc":{"Est. reading time":"1 minute"},"schema":{"@context":"https:\/\/schema.org","@graph":[{"@type":"WebPage","@id":"https:\/\/icelandoffers.is\/?product=skodunarferd-ad-myvatni-og-godafossi","url":"https:\/\/icelandoffers.is\/?product=skodunarferd-ad-myvatni-og-godafossi","name":"Sko\u00f0unarfer\u00f0 a\u00f0 M\u00fdvatni og Go\u00f0afossi - icelandoffers","isPartOf":{"@id":"https:\/\/icelandoffers.is\/#website"},"primaryImageOfPage":{"@id":"https:\/\/icelandoffers.is\/?product=skodunarferd-ad-myvatni-og-godafossi#primaryimage"},"image":{"@id":"https:\/\/icelandoffers.is\/?product=skodunarferd-ad-myvatni-og-godafossi#primaryimage"},"thumbnailUrl":"https:\/\/icelandoffers.is\/wp-content\/uploads\/2024\/06\/Myvatn-3-scaled.jpeg","datePublished":"2024-06-07T08:57:01+00:00","dateModified":"2024-10-02T15:49:09+00:00","description":"Komdu me\u00f0 \u00ed 5.30 klukkustundar country hestafer\u00f0 fr\u00e1 \u00deorl\u00e1ksh\u00f6fn me\u00f0 pickup fr\u00e1 Reykjav\u00edk","breadcrumb":{"@id":"https:\/\/icelandoffers.is\/?product=skodunarferd-ad-myvatni-og-godafossi#breadcrumb"},"inLanguage":"en-US","potentialAction":[{"@type":"ReadAction","target":["https:\/\/icelandoffers.is\/?product=skodunarferd-ad-myvatni-og-godafossi"]}]},{"@type":"ImageObject","inLanguage":"en-US","@id":"https:\/\/icelandoffers.is\/?product=skodunarferd-ad-myvatni-og-godafossi#primaryimage","url":"https:\/\/icelandoffers.is\/wp-content\/uploads\/2024\/06\/Myvatn-3-scaled.jpeg","contentUrl":"https:\/\/icelandoffers.is\/wp-content\/uploads\/2024\/06\/Myvatn-3-scaled.jpeg","width":2560,"height":1707},{"@type":"BreadcrumbList","@id":"https:\/\/icelandoffers.is\/?product=skodunarferd-ad-myvatni-og-godafossi#breadcrumb","itemListElement":[{"@type":"ListItem","position":1,"name":"Home","item":"https:\/\/icelandoffers.is\/"},{"@type":"ListItem","position":2,"name":"Products","item":"https:\/\/icelandoffers.is\/shop-2\/"},{"@type":"ListItem","position":3,"name":"Sko\u00f0unarfer\u00f0 a\u00f0 M\u00fdvatni og Go\u00f0afossi"}]},{"@type":"WebSite","@id":"https:\/\/icelandoffers.is\/#website","url":"https:\/\/icelandoffers.is\/","name":"Tophorses","description":"Always discount","publisher":{"@id":"https:\/\/icelandoffers.is\/#organization"},"potentialAction":[{"@type":"SearchAction","target":{"@type":"EntryPoint","urlTemplate":"https:\/\/icelandoffers.is\/?s={search_term_string}"},"query-input":{"@type":"PropertyValueSpecification","valueRequired":true,"valueName":"search_term_string"}}],"inLanguage":"en-US"},{"@type":"Organization","@id":"https:\/\/icelandoffers.is\/#organization","name":"Tophorses","url":"https:\/\/icelandoffers.is\/","logo":{"@type":"ImageObject","inLanguage":"en-US","@id":"https:\/\/icelandoffers.is\/#\/schema\/logo\/image\/","url":"https:\/\/icelandoffers.is\/wp-content\/uploads\/2016\/11\/undir.png","contentUrl":"https:\/\/icelandoffers.is\/wp-content\/uploads\/2016\/11\/undir.png","width":3337,"height":3024,"caption":"Tophorses"},"image":{"@id":"https:\/\/icelandoffers.is\/#\/schema\/logo\/image\/"},"sameAs":["https:\/\/www.facebook.com\/tophorses.is\/"]}]}},"_links":{"self":[{"href":"https:\/\/icelandoffers.is\/index.php?rest_route=\/wp\/v2\/product\/3205","targetHints":{"allow":["GET"]}}],"collection":[{"href":"https:\/\/icelandoffers.is\/index.php?rest_route=\/wp\/v2\/product"}],"about":[{"href":"https:\/\/icelandoffers.is\/index.php?rest_route=\/wp\/v2\/types\/product"}],"wp:featuredmedia":[{"embeddable":true,"href":"https:\/\/icelandoffers.is\/index.php?rest_route=\/wp\/v2\/media\/3211"}],"wp:attachment":[{"href":"https:\/\/icelandoffers.is\/index.php?rest_route=%2Fwp%2Fv2%2Fmedia&parent=3205"}],"wp:term":[{"taxonomy":"product_brand","embeddable":true,"href":"https:\/\/icelandoffers.is\/index.php?rest_route=%2Fwp%2Fv2%2Fproduct_brand&post=3205"},{"taxonomy":"product_cat","embeddable":true,"href":"https:\/\/icelandoffers.is\/index.php?rest_route=%2Fwp%2Fv2%2Fproduct_cat&post=3205"},{"taxonomy":"product_tag","embeddable":true,"href":"https:\/\/icelandoffers.is\/index.php?rest_route=%2Fwp%2Fv2%2Fproduct_tag&post=3205"}],"curies":[{"name":"wp","href":"https:\/\/api.w.org\/{rel}","templated":true}]}}